{"id":83,"date":"2009-04-03T07:21:39","date_gmt":"2009-04-03T06:21:39","guid":{"rendered":"http:\/\/ar.labourel.comee.fr\/?page_id=83"},"modified":"2014-01-29T09:21:12","modified_gmt":"2014-01-29T08:21:12","slug":"mes-expos-en-2009","status":"publish","type":"page","link":"http:\/\/szyjuic.cluster030.hosting.ovh.net\/peinture\/?page_id=83","title":{"rendered":"mes expos en 2009"},"content":{"rendered":"<p>ANGOULEME 16 deux marines jusqu&rsquo;en d\u00e9cembre 2009<\/p>\n<p>BLAMONT 54 le 1er mai, lors de la foire, devant l&rsquo;\u00e9cole de peinture face \u00e0 l&rsquo;\u00e9glise<\/p>\n<p>BERTRICHAMPS 54 le 10 mai, salle polyvalente avec des artistes d&rsquo;origine bertrichampoise<\/p>\n<p>VAL DE BRIDE 57 du 7 \u00a0au 11 mai, salle socioculturelle<\/p>\n<p>BLAMONT 54 peinture dans la nature \u00e0 la Forge le 14 juin. Sympa, des petites bestioles sont venues admirer de pr\u00e8s les tableaux, elles \u00e9taient scotch\u00e9es de voir la qualit\u00e9 des peintures.<\/p>\n<p>LAGARDE 57 le samedi 20 juin au bord du canal de la marne au rhin, au port de plaisance o\u00f9 se balancent des p\u00e9nichettes de www.navigfrance.com<br \/>\nexposition-d\u00e9monstration sous chapiteau de peinture. Accueil jovial, organisation parfaite, suivie d&rsquo;un ptit tour en bateau entre deux \u00e9cluses. A recommander aux amoureux&#8230; de la nature.<\/p>\n<p>RAON L&rsquo;\u00c9TAPE 88 studio Exel photos, \u00a0en face de la Poste du 1er au 30 juin, vernissage le vendredi 29 mai \u00e0 18h. Il y avait foule dans le magasin. Merci \u00e0 tous de cette visite. \u00a0Excellent accueil \u00e0 l&rsquo;office du tourisme avec passage \u00e0 la radio RCM ainsi qu&rsquo;\u00e0 la mairie.<\/p>\n<p>BLAMONT 54 exposition des \u00e9l\u00e8ves de l&rsquo; Atelier d&rsquo;arts plastiques Galerie Art-Delor du samedi 27 juin au dimanche 5 juillet, tous les jours de 14 \u00e0 19h et le vendredi 4 juillet en nocturne de 14h \u00e0 22h30. Superbe expo. entr\u00e9e gratuite.<\/p>\n<p>BLAMONT 54 expo association des artistes peintres du bl\u00e2montois du 1er au 8 novembre, vernissage le 31.10.\u00a0\u00e0 la galerie Art Delor 36 rue Victor Pierre (face \u00e0 l&rsquo;\u00e9glise). Tous les artistes peintres qui voudraient participer \u00e0 cette exposition peuvent en faire la demande avant le 15 octobre au 06 84 38 23 77 ou \u00e0 moi m\u00eame au 06 89 82 51 57<\/p>\n<p>BACCARAT \u00a054,  la cit\u00e9 du cristal, \u00e0 l&rsquo;h\u00f4tel de ville, \u00a0cet \u00e9t\u00e9, \u00a0juillet et ao\u00fbt. Un grand merci \u00e0 Mme le Maire et \u00e0 Mme la Directrice de la culture.<\/p>\n<p>CHARMES 88 tout le mois d&rsquo; ao\u00fbt dans la salle du restaurant le carpinien. Install\u00e9 au centre de CHARMES, 4 rue des Capucins, ce restaurant propose en outre des sp\u00e9cialit\u00e9s vosgiennes succulentes et de qualit\u00e9s,  pr\u00e9sent\u00e9es avec soin, pour un prix agr\u00e9able. Nous nous sommes r\u00e9gal\u00e9s. Merci \u00e0 Fran\u00e7oise Rudeau de son accueil et \u00e0 l&rsquo;office du tourisme de Charmes ainsi qu&rsquo;\u00e0 Ir\u00e8ne.<\/p>\n<p>DIEUZE 57 aux salines royales du 7 au 15 novembre au 19\u00e8me salon de Peinture Sculpture<\/p>\n<p>ABRESCHVILLER 57  tout l&rsquo;hiver  du 21 novembre 2009 jusqu&rsquo;au  20 janvier 2010 au service Pasteur du centre de r\u00e9adaptation sp\u00e9cialis\u00e9 \u00a0saint luc. Vernissage le samedi 21 novembre \u00e0 11h30. Belle initiative pour embellir les couloirs emprunt\u00e9s par le personnel et les occupants.<\/p>\n","protected":false},"excerpt":{"rendered":"<p>ANGOULEME 16 deux marines jusqu&rsquo;en d\u00e9cembre 2009 BLAMONT 54 le 1er mai, lors de la foire, devant l&rsquo;\u00e9cole de peinture face \u00e0 l&rsquo;\u00e9glise BERTRICHAMPS 54 le 10 mai, salle polyvalente avec des artistes d&rsquo;origine bertrichampoise VAL DE BRIDE 57 du 7 \u00a0au 11 mai, salle socioculturelle BLAMONT 54 peinture dans la nature \u00e0 la Forge &hellip; <a href=\"http:\/\/szyjuic.cluster030.hosting.ovh.net\/peinture\/?page_id=83\" class=\"more-link\">Continuer la lecture de <span class=\"screen-reader-text\">mes expos en 2009<\/span>  <span class=\"meta-nav\">&rarr;<\/span><\/a><\/p>\n","protected":false},"author":1,"featured_media":0,"parent":0,"menu_order":2,"comment_status":"closed","ping_status":"closed","template":"","meta":{"footnotes":""},"_links":{"self":[{"href":"http:\/\/szyjuic.cluster030.hosting.ovh.net\/peinture\/index.php?rest_route=\/wp\/v2\/pages\/83"}],"collection":[{"href":"http:\/\/szyjuic.cluster030.hosting.ovh.net\/peinture\/index.php?rest_route=\/wp\/v2\/pages"}],"about":[{"href":"http:\/\/szyjuic.cluster030.hosting.ovh.net\/peinture\/index.php?rest_route=\/wp\/v2\/types\/page"}],"author":[{"embeddable":true,"href":"http:\/\/szyjuic.cluster030.hosting.ovh.net\/peinture\/index.php?rest_route=\/wp\/v2\/users\/1"}],"replies":[{"embeddable":true,"href":"http:\/\/szyjuic.cluster030.hosting.ovh.net\/peinture\/index.php?rest_route=%2Fwp%2Fv2%2Fcomments&post=83"}],"version-history":[{"count":1,"href":"http:\/\/szyjuic.cluster030.hosting.ovh.net\/peinture\/index.php?rest_route=\/wp\/v2\/pages\/83\/revisions"}],"predecessor-version":[{"id":1035,"href":"http:\/\/szyjuic.cluster030.hosting.ovh.net\/peinture\/index.php?rest_route=\/wp\/v2\/pages\/83\/revisions\/1035"}],"wp:attachment":[{"href":"http:\/\/szyjuic.cluster030.hosting.ovh.net\/peinture\/index.php?rest_route=%2Fwp%2Fv2%2Fmedia&parent=83"}],"curies":[{"name":"wp","href":"https:\/\/api.w.org\/{rel}","templated":true}]}}